{"id":2613,"date":"2026-02-24T14:21:25","date_gmt":"2026-02-24T12:21:25","guid":{"rendered":"https:\/\/ottoestetic.fi\/?page_id=2613"},"modified":"2026-02-27T09:53:35","modified_gmt":"2026-02-27T07:53:35","slug":"penis-enlargement-with-filler","status":"publish","type":"page","link":"https:\/\/ottoestetic.fi\/en\/penis-enlargement-with-filler\/","title":{"rendered":"Penis enlargement with filler"},"content":{"rendered":"<p>[vc_row css_animation=&#8221;&#8221; row_type=&#8221;row&#8221; use_row_as_full_screen_section=&#8221;no&#8221; type=&#8221;full_width&#8221; angled_section=&#8221;no&#8221; text_align=&#8221;left&#8221; background_image_as_pattern=&#8221;without_pattern&#8221;][vc_column][vc_column_text]<\/p>\n<h2 style=\"margin-bottom: 20px;\"><img loading=\"lazy\" decoding=\"async\" class=\"size-medium wp-image-2599 alignleft\" src=\"https:\/\/ottoestetic.fi\/wp-content\/uploads\/2026\/02\/miesbokserit-300x200.png\" alt=\"Peniksen suurennos t\u00e4yteaineella, paksumpi penis\" width=\"300\" height=\"200\" srcset=\"https:\/\/ottoestetic.fi\/wp-content\/uploads\/2026\/02\/miesbokserit-300x200.png 300w, https:\/\/ottoestetic.fi\/wp-content\/uploads\/2026\/02\/miesbokserit-768x513.png 768w, https:\/\/ottoestetic.fi\/wp-content\/uploads\/2026\/02\/miesbokserit-700x467.png 700w, https:\/\/ottoestetic.fi\/wp-content\/uploads\/2026\/02\/miesbokserit.png 1010w\" sizes=\"auto, (max-width: 300px) 100vw, 300px\" \/>Penis enlargement with fillers \u2013 a natural and safe solution<\/h2>\n<p>Do you want to improve your self-confidence and achieve a naturally longer or thicker penis? We offer a modern and safe option: penis enlargement with hyaluronic acid-based filler treatment. This treatment has been medically tested and used in many cosmetic surgeries and other treatments.[\/vc_column_text][\/vc_column][\/vc_row][vc_row css_animation=&#8221;&#8221; row_type=&#8221;row&#8221; use_row_as_full_screen_section=&#8221;no&#8221; type=&#8221;full_width&#8221; angled_section=&#8221;no&#8221; text_align=&#8221;left&#8221; background_image_as_pattern=&#8221;without_pattern&#8221;][vc_column][vc_empty_space][\/vc_column][\/vc_row][vc_row css_animation=&#8221;&#8221; row_type=&#8221;row&#8221; use_row_as_full_screen_section=&#8221;no&#8221; type=&#8221;full_width&#8221; angled_section=&#8221;no&#8221; text_align=&#8221;left&#8221; background_image_as_pattern=&#8221;without_pattern&#8221;][vc_column][vc_column_text]<strong>How does the treatment work?<\/strong><\/p>\n<p>The treatment involves local anesthesia and small, precisely targeted injections that increase the length and thickness of the penis immediately after the treatment. Hyaluronic acid is a well-known and safe substance that can be removed or modified if necessary. With the fillers we use, the results last up to 1-2 years.[\/vc_column_text][\/vc_column][\/vc_row][vc_row css_animation=&#8221;&#8221; row_type=&#8221;row&#8221; use_row_as_full_screen_section=&#8221;no&#8221; type=&#8221;full_width&#8221; angled_section=&#8221;no&#8221; text_align=&#8221;left&#8221; background_image_as_pattern=&#8221;without_pattern&#8221;][vc_column][vc_empty_space][\/vc_column][\/vc_row][vc_row css_animation=&#8221;&#8221; row_type=&#8221;row&#8221; use_row_as_full_screen_section=&#8221;no&#8221; type=&#8221;full_width&#8221; angled_section=&#8221;no&#8221; text_align=&#8221;left&#8221; background_image_as_pattern=&#8221;without_pattern&#8221;][vc_column][vc_column_text]<span class=\"Y2IQFc\" lang=\"en\"><strong>Benefits:<\/strong> <\/span><\/p>\n<ul>\n<li class=\"tw-data-text tw-text-large tw-ta\" dir=\"ltr\" tabindex=\"-1\" role=\"text\" data-placeholder=\"K\u00e4\u00e4nn\u00f6s\" data-ved=\"2ahUKEwig8p6ujfKSAxUfJRAIHXCQIOMQ3ewLegQIBBAW\" aria-label=\"K\u00e4\u00e4nnetty teksti: Benefits: Quickly visible results Quick and virtually painless procedure Natural-looking and feeling results A substance that is approved and safe You can continue your daily activities immediately after treatment\"><span class=\"Y2IQFc\" lang=\"en\">Quickly visible results <\/span><\/li>\n<li class=\"tw-data-text tw-text-large tw-ta\" dir=\"ltr\" tabindex=\"-1\" role=\"text\" data-placeholder=\"K\u00e4\u00e4nn\u00f6s\" data-ved=\"2ahUKEwig8p6ujfKSAxUfJRAIHXCQIOMQ3ewLegQIBBAW\" aria-label=\"K\u00e4\u00e4nnetty teksti: Benefits: Quickly visible results Quick and virtually painless procedure Natural-looking and feeling results A substance that is approved and safe You can continue your daily activities immediately after treatment\"><span class=\"Y2IQFc\" lang=\"en\">Quick and virtually painless procedure <\/span><\/li>\n<li class=\"tw-data-text tw-text-large tw-ta\" dir=\"ltr\" tabindex=\"-1\" role=\"text\" data-placeholder=\"K\u00e4\u00e4nn\u00f6s\" data-ved=\"2ahUKEwig8p6ujfKSAxUfJRAIHXCQIOMQ3ewLegQIBBAW\" aria-label=\"K\u00e4\u00e4nnetty teksti: Benefits: Quickly visible results Quick and virtually painless procedure Natural-looking and feeling results A substance that is approved and safe You can continue your daily activities immediately after treatment\"><span class=\"Y2IQFc\" lang=\"en\">Natural-looking and feeling results <\/span><\/li>\n<li class=\"tw-data-text tw-text-large tw-ta\" dir=\"ltr\" tabindex=\"-1\" role=\"text\" data-placeholder=\"K\u00e4\u00e4nn\u00f6s\" data-ved=\"2ahUKEwig8p6ujfKSAxUfJRAIHXCQIOMQ3ewLegQIBBAW\" aria-label=\"K\u00e4\u00e4nnetty teksti: Benefits: Quickly visible results Quick and virtually painless procedure Natural-looking and feeling results A substance that is approved and safe You can continue your daily activities immediately after treatment\"><span class=\"Y2IQFc\" lang=\"en\">A substance that is approved and safe <\/span><\/li>\n<li class=\"tw-data-text tw-text-large tw-ta\" dir=\"ltr\" tabindex=\"-1\" role=\"text\" data-placeholder=\"K\u00e4\u00e4nn\u00f6s\" data-ved=\"2ahUKEwig8p6ujfKSAxUfJRAIHXCQIOMQ3ewLegQIBBAW\" aria-label=\"K\u00e4\u00e4nnetty teksti: Benefits: Quickly visible results Quick and virtually painless procedure Natural-looking and feeling results A substance that is approved and safe You can continue your daily activities immediately after treatment\"><span class=\"Y2IQFc\" lang=\"en\">You can continue your daily activities immediately after treatment<\/span><\/li>\n<\/ul>\n<p>[\/vc_column_text][\/vc_column][\/vc_row][vc_row css_animation=&#8221;&#8221; row_type=&#8221;row&#8221; use_row_as_full_screen_section=&#8221;no&#8221; type=&#8221;full_width&#8221; angled_section=&#8221;no&#8221; text_align=&#8221;left&#8221; background_image_as_pattern=&#8221;without_pattern&#8221;][vc_column][vc_empty_space][\/vc_column][\/vc_row][vc_row css_animation=&#8221;&#8221; row_type=&#8221;row&#8221; use_row_as_full_screen_section=&#8221;no&#8221; type=&#8221;full_width&#8221; angled_section=&#8221;no&#8221; text_align=&#8221;left&#8221; background_image_as_pattern=&#8221;without_pattern&#8221;][vc_column][vc_column_text]<strong>Possible side effects and risks:<\/strong><br \/>\nAs with all injection treatments, hyaluronic acid treatment can also cause side effects, such as:<\/p>\n<ul>\n<li>Transient swelling, bruising or pain in the treated area<\/li>\n<li>Risk of infection, so the treatment is performed in safe and hygienic conditions<\/li>\n<li>In rare cases, allergic reactions such as redness or itching may occur<\/li>\n<\/ul>\n<p>[\/vc_column_text][\/vc_column][\/vc_row][vc_row css_animation=&#8221;&#8221; row_type=&#8221;row&#8221; use_row_as_full_screen_section=&#8221;no&#8221; type=&#8221;full_width&#8221; angled_section=&#8221;no&#8221; text_align=&#8221;left&#8221; background_image_as_pattern=&#8221;without_pattern&#8221;][vc_column][vc_empty_space][\/vc_column][\/vc_row][vc_row css_animation=&#8221;&#8221; row_type=&#8221;row&#8221; use_row_as_full_screen_section=&#8221;no&#8221; type=&#8221;full_width&#8221; angled_section=&#8221;no&#8221; text_align=&#8221;left&#8221; background_image_as_pattern=&#8221;without_pattern&#8221;][vc_column][vc_column_text]<strong>Safety and our experience: <\/strong><br \/>\nWe use high-quality hyaluronic acids that are approved and very safe. We follow strict safety and hygiene standards to ensure a pleasant and successful experience.[\/vc_column_text][\/vc_column][\/vc_row][vc_row css_animation=&#8221;&#8221; row_type=&#8221;row&#8221; use_row_as_full_screen_section=&#8221;no&#8221; type=&#8221;full_width&#8221; angled_section=&#8221;no&#8221; text_align=&#8221;left&#8221; background_image_as_pattern=&#8221;without_pattern&#8221;][vc_column][vc_empty_space][\/vc_column][\/vc_row][vc_row css_animation=&#8221;&#8221; row_type=&#8221;row&#8221; use_row_as_full_screen_section=&#8221;no&#8221; type=&#8221;full_width&#8221; angled_section=&#8221;no&#8221; text_align=&#8221;left&#8221; background_image_as_pattern=&#8221;without_pattern&#8221;][vc_column][vc_column_text]<strong>Price <\/strong><\/p>\n<p>12ml of filler, procedure takes about 1 hour and costs \u20ac999.00.<\/p>\n<p>Now reduced price <strong>\u20ac850.00. <\/strong><\/p>\n<p>If desired, more can be added within 2-6 weeks, price \u20ac600.00<\/p>\n<p>Please book a consultation first (1o,oo\u20ac).<br \/>\nAfter the consultation, you can book an appointment for the procedure.<br \/>\nThe procedure requires an advance payment of 50% of the procedure price.[\/vc_column_text][\/vc_column][\/vc_row][vc_row css_animation=&#8221;&#8221; row_type=&#8221;row&#8221; use_row_as_full_screen_section=&#8221;no&#8221; type=&#8221;full_width&#8221; angled_section=&#8221;no&#8221; text_align=&#8221;left&#8221; background_image_as_pattern=&#8221;without_pattern&#8221;][vc_column][vc_empty_space][\/vc_column][\/vc_row][vc_row css_animation=&#8221;&#8221; row_type=&#8221;row&#8221; use_row_as_full_screen_section=&#8221;no&#8221; type=&#8221;full_width&#8221; angled_section=&#8221;no&#8221; text_align=&#8221;left&#8221; background_image_as_pattern=&#8221;without_pattern&#8221;][vc_column][vc_raw_html]JTNDYSUyMGNsYXNzJTNEJTIycWJ1dHRvbiUyMGRlZmF1bHQlMjIlMjBocmVmJTNEJTIyaHR0cHMlM0ElMkYlMkZvdHRvZXN0ZXRpYy5maSUyRmFqYW52YXJhdXMlMkYlMjIlM0VCb29rJTIwbm93JTNDJTJGYSUzRQ==[\/vc_raw_html][\/vc_column][\/vc_row][vc_row css_animation=&#8221;&#8221; row_type=&#8221;row&#8221; use_row_as_full_screen_section=&#8221;no&#8221; type=&#8221;full_width&#8221; angled_section=&#8221;no&#8221; text_align=&#8221;left&#8221; background_image_as_pattern=&#8221;without_pattern&#8221;][vc_column][vc_empty_space][\/vc_column][\/vc_row]<\/p>\n","protected":false},"excerpt":{"rendered":"<p>[vc_row css_animation=&#8221;&#8221; row_type=&#8221;row&#8221; use_row_as_full_screen_section=&#8221;no&#8221; type=&#8221;full_width&#8221; angled_section=&#8221;no&#8221; text_align=&#8221;left&#8221; background_image_as_pattern=&#8221;without_pattern&#8221;][vc_column][vc_column_text] Penis enlargement with fillers \u2013 a natural and safe solution Do you want to improve your self-confidence and achieve a naturally longer or thicker penis? We offer a modern and safe option: penis enlargement with hyaluronic acid-based&#8230;<\/p>\n","protected":false},"author":4,"featured_media":0,"parent":0,"menu_order":0,"comment_status":"closed","ping_status":"closed","template":"","meta":{"footnotes":""},"class_list":["post-2613","page","type-page","status-publish","hentry"],"yoast_head":"<!-- This site is optimized with the Yoast SEO plugin v19.11 - https:\/\/yoast.com\/wordpress\/plugins\/seo\/ -->\n<title>Penis enlargement with filler - Otto<\/title>\n<meta name=\"robots\" content=\"index, follow, max-snippet:-1, max-image-preview:large, max-video-preview:-1\" \/>\n<link rel=\"canonical\" href=\"https:\/\/ottoestetic.fi\/en\/penis-enlargement-with-filler\/\" \/>\n<meta property=\"og:locale\" content=\"en_US\" \/>\n<meta property=\"og:type\" content=\"article\" \/>\n<meta property=\"og:title\" content=\"Penis enlargement with filler - Otto\" \/>\n<meta property=\"og:description\" content=\"[vc_row css_animation=&#8221;&#8221; row_type=&#8221;row&#8221; use_row_as_full_screen_section=&#8221;no&#8221; type=&#8221;full_width&#8221; angled_section=&#8221;no&#8221; text_align=&#8221;left&#8221; background_image_as_pattern=&#8221;without_pattern&#8221;][vc_column][vc_column_text] Penis enlargement with fillers \u2013 a natural and safe solution Do you want to improve your self-confidence and achieve a naturally longer or thicker penis? We offer a modern and safe option: penis enlargement with hyaluronic acid-based...\" \/>\n<meta property=\"og:url\" content=\"https:\/\/ottoestetic.fi\/en\/penis-enlargement-with-filler\/\" \/>\n<meta property=\"og:site_name\" content=\"Otto\" \/>\n<meta property=\"article:modified_time\" content=\"2026-02-27T07:53:35+00:00\" \/>\n<meta property=\"og:image\" content=\"https:\/\/ottoestetic.fi\/wp-content\/uploads\/2026\/02\/miesbokserit-300x200.png\" \/>\n<meta name=\"twitter:card\" content=\"summary_large_image\" \/>\n<meta name=\"twitter:label1\" content=\"Est. reading time\" \/>\n\t<meta name=\"twitter:data1\" content=\"2 minutes\" \/>\n<script type=\"application\/ld+json\" class=\"yoast-schema-graph\">{\"@context\":\"https:\/\/schema.org\",\"@graph\":[{\"@type\":\"WebPage\",\"@id\":\"https:\/\/ottoestetic.fi\/en\/penis-enlargement-with-filler\/\",\"url\":\"https:\/\/ottoestetic.fi\/en\/penis-enlargement-with-filler\/\",\"name\":\"Penis enlargement with filler - Otto\",\"isPartOf\":{\"@id\":\"https:\/\/ottoestetic.fi\/ru\/#website\"},\"datePublished\":\"2026-02-24T12:21:25+00:00\",\"dateModified\":\"2026-02-27T07:53:35+00:00\",\"breadcrumb\":{\"@id\":\"https:\/\/ottoestetic.fi\/en\/penis-enlargement-with-filler\/#breadcrumb\"},\"inLanguage\":\"en-US\",\"potentialAction\":[{\"@type\":\"ReadAction\",\"target\":[\"https:\/\/ottoestetic.fi\/en\/penis-enlargement-with-filler\/\"]}]},{\"@type\":\"BreadcrumbList\",\"@id\":\"https:\/\/ottoestetic.fi\/en\/penis-enlargement-with-filler\/#breadcrumb\",\"itemListElement\":[{\"@type\":\"ListItem\",\"position\":1,\"name\":\"\u0413\u043b\u0430\u0432\u043d\u0430\u044f \u0441\u0442\u0440\u0430\u043d\u0438\u0446\u0430\",\"item\":\"https:\/\/ottoestetic.fi\/en\/\"},{\"@type\":\"ListItem\",\"position\":2,\"name\":\"Penis enlargement with filler\"}]},{\"@type\":\"WebSite\",\"@id\":\"https:\/\/ottoestetic.fi\/ru\/#website\",\"url\":\"https:\/\/ottoestetic.fi\/ru\/\",\"name\":\"Otto\",\"description\":\"Estetic\",\"publisher\":{\"@id\":\"https:\/\/ottoestetic.fi\/ru\/#organization\"},\"potentialAction\":[{\"@type\":\"SearchAction\",\"target\":{\"@type\":\"EntryPoint\",\"urlTemplate\":\"https:\/\/ottoestetic.fi\/ru\/?s={search_term_string}\"},\"query-input\":\"required name=search_term_string\"}],\"inLanguage\":\"en-US\"},{\"@type\":\"Organization\",\"@id\":\"https:\/\/ottoestetic.fi\/ru\/#organization\",\"name\":\"Otto Estetic\",\"url\":\"https:\/\/ottoestetic.fi\/ru\/\",\"logo\":{\"@type\":\"ImageObject\",\"inLanguage\":\"en-US\",\"@id\":\"https:\/\/ottoestetic.fi\/ru\/#\/schema\/logo\/image\/\",\"url\":\"https:\/\/ottoestetic.fi\/wp-content\/uploads\/2021\/01\/ottoesteticlogo-4.png\",\"contentUrl\":\"https:\/\/ottoestetic.fi\/wp-content\/uploads\/2021\/01\/ottoesteticlogo-4.png\",\"width\":1508,\"height\":335,\"caption\":\"Otto Estetic\"},\"image\":{\"@id\":\"https:\/\/ottoestetic.fi\/ru\/#\/schema\/logo\/image\/\"}}]}<\/script>\n<!-- \/ Yoast SEO plugin. -->","yoast_head_json":{"title":"Penis enlargement with filler - Otto","robots":{"index":"index","follow":"follow","max-snippet":"max-snippet:-1","max-image-preview":"max-image-preview:large","max-video-preview":"max-video-preview:-1"},"canonical":"https:\/\/ottoestetic.fi\/en\/penis-enlargement-with-filler\/","og_locale":"en_US","og_type":"article","og_title":"Penis enlargement with filler - Otto","og_description":"[vc_row css_animation=&#8221;&#8221; row_type=&#8221;row&#8221; use_row_as_full_screen_section=&#8221;no&#8221; type=&#8221;full_width&#8221; angled_section=&#8221;no&#8221; text_align=&#8221;left&#8221; background_image_as_pattern=&#8221;without_pattern&#8221;][vc_column][vc_column_text] Penis enlargement with fillers \u2013 a natural and safe solution Do you want to improve your self-confidence and achieve a naturally longer or thicker penis? We offer a modern and safe option: penis enlargement with hyaluronic acid-based...","og_url":"https:\/\/ottoestetic.fi\/en\/penis-enlargement-with-filler\/","og_site_name":"Otto","article_modified_time":"2026-02-27T07:53:35+00:00","og_image":[{"url":"https:\/\/ottoestetic.fi\/wp-content\/uploads\/2026\/02\/miesbokserit-300x200.png"}],"twitter_card":"summary_large_image","twitter_misc":{"Est. reading time":"2 minutes"},"schema":{"@context":"https:\/\/schema.org","@graph":[{"@type":"WebPage","@id":"https:\/\/ottoestetic.fi\/en\/penis-enlargement-with-filler\/","url":"https:\/\/ottoestetic.fi\/en\/penis-enlargement-with-filler\/","name":"Penis enlargement with filler - Otto","isPartOf":{"@id":"https:\/\/ottoestetic.fi\/ru\/#website"},"datePublished":"2026-02-24T12:21:25+00:00","dateModified":"2026-02-27T07:53:35+00:00","breadcrumb":{"@id":"https:\/\/ottoestetic.fi\/en\/penis-enlargement-with-filler\/#breadcrumb"},"inLanguage":"en-US","potentialAction":[{"@type":"ReadAction","target":["https:\/\/ottoestetic.fi\/en\/penis-enlargement-with-filler\/"]}]},{"@type":"BreadcrumbList","@id":"https:\/\/ottoestetic.fi\/en\/penis-enlargement-with-filler\/#breadcrumb","itemListElement":[{"@type":"ListItem","position":1,"name":"\u0413\u043b\u0430\u0432\u043d\u0430\u044f \u0441\u0442\u0440\u0430\u043d\u0438\u0446\u0430","item":"https:\/\/ottoestetic.fi\/en\/"},{"@type":"ListItem","position":2,"name":"Penis enlargement with filler"}]},{"@type":"WebSite","@id":"https:\/\/ottoestetic.fi\/ru\/#website","url":"https:\/\/ottoestetic.fi\/ru\/","name":"Otto","description":"Estetic","publisher":{"@id":"https:\/\/ottoestetic.fi\/ru\/#organization"},"potentialAction":[{"@type":"SearchAction","target":{"@type":"EntryPoint","urlTemplate":"https:\/\/ottoestetic.fi\/ru\/?s={search_term_string}"},"query-input":"required name=search_term_string"}],"inLanguage":"en-US"},{"@type":"Organization","@id":"https:\/\/ottoestetic.fi\/ru\/#organization","name":"Otto Estetic","url":"https:\/\/ottoestetic.fi\/ru\/","logo":{"@type":"ImageObject","inLanguage":"en-US","@id":"https:\/\/ottoestetic.fi\/ru\/#\/schema\/logo\/image\/","url":"https:\/\/ottoestetic.fi\/wp-content\/uploads\/2021\/01\/ottoesteticlogo-4.png","contentUrl":"https:\/\/ottoestetic.fi\/wp-content\/uploads\/2021\/01\/ottoesteticlogo-4.png","width":1508,"height":335,"caption":"Otto Estetic"},"image":{"@id":"https:\/\/ottoestetic.fi\/ru\/#\/schema\/logo\/image\/"}}]}},"_links":{"self":[{"href":"https:\/\/ottoestetic.fi\/en\/wp-json\/wp\/v2\/pages\/2613","targetHints":{"allow":["GET"]}}],"collection":[{"href":"https:\/\/ottoestetic.fi\/en\/wp-json\/wp\/v2\/pages"}],"about":[{"href":"https:\/\/ottoestetic.fi\/en\/wp-json\/wp\/v2\/types\/page"}],"author":[{"embeddable":true,"href":"https:\/\/ottoestetic.fi\/en\/wp-json\/wp\/v2\/users\/4"}],"replies":[{"embeddable":true,"href":"https:\/\/ottoestetic.fi\/en\/wp-json\/wp\/v2\/comments?post=2613"}],"version-history":[{"count":9,"href":"https:\/\/ottoestetic.fi\/en\/wp-json\/wp\/v2\/pages\/2613\/revisions"}],"predecessor-version":[{"id":2650,"href":"https:\/\/ottoestetic.fi\/en\/wp-json\/wp\/v2\/pages\/2613\/revisions\/2650"}],"wp:attachment":[{"href":"https:\/\/ottoestetic.fi\/en\/wp-json\/wp\/v2\/media?parent=2613"}],"curies":[{"name":"wp","href":"https:\/\/api.w.org\/{rel}","templated":true}]}}